{"id":125,"date":"2023-01-21T09:24:07","date_gmt":"2023-01-21T09:24:07","guid":{"rendered":"https:\/\/vividacapital.com\/?page_id=125"},"modified":"2025-04-10T19:55:09","modified_gmt":"2025-04-10T19:55:09","slug":"polityka-prywatnosci","status":"publish","type":"page","link":"https:\/\/vividacapital.com\/en\/polityka-prywatnosci\/","title":{"rendered":"Privacy Policy"},"content":{"rendered":"\t\t<div data-elementor-type=\"wp-page\" data-elementor-id=\"125\" class=\"elementor elementor-125\" data-elementor-post-type=\"page\">\n\t\t\t\t<div class=\"elementor-element elementor-element-ea25f3d e-con-full e-flex e-con e-parent\" data-id=\"ea25f3d\" data-element_type=\"container\" data-e-type=\"container\" data-settings=\"{&quot;background_background&quot;:&quot;classic&quot;}\">\n\t\t<div class=\"elementor-element elementor-element-a607893 e-flex e-con-boxed e-con e-child\" data-id=\"a607893\" data-element_type=\"container\" data-e-type=\"container\">\n\t\t\t\t\t<div class=\"e-con-inner\">\n\t\t\t\t<div class=\"elementor-element elementor-element-235da41 elementor-widget__width-inherit elementor-invisible elementor-widget elementor-widget-heading\" data-id=\"235da41\" data-element_type=\"widget\" data-e-type=\"widget\" data-settings=\"{&quot;_animation&quot;:&quot;fadeInDown&quot;}\" data-widget_type=\"heading.default\">\n\t\t\t\t<div class=\"elementor-widget-container\">\n\t\t\t\t\t<h1 class=\"elementor-heading-title elementor-size-default\">Polityka  <span style=\"color:var( --e-global-color-4c3b65a)\">prywatno\u015bci<\/span><\/h1>\t\t\t\t<\/div>\n\t\t\t\t<\/div>\n\t\t\t\t\t<\/div>\n\t\t\t\t<\/div>\n\t\t\t\t<\/div>\n\t\t<div class=\"elementor-element elementor-element-6bcb753 e-flex e-con-boxed e-con e-parent\" data-id=\"6bcb753\" data-element_type=\"container\" data-e-type=\"container\" data-settings=\"{&quot;background_background&quot;:&quot;gradient&quot;}\">\n\t\t\t\t\t<div class=\"e-con-inner\">\n\t\t<div class=\"elementor-element elementor-element-18a3649 e-con-full e-flex e-con e-child\" data-id=\"18a3649\" data-element_type=\"container\" data-e-type=\"container\">\n\t\t\t\t<div class=\"elementor-element elementor-element-f672885 elementor-widget__width-inherit elementor-widget-mobile_extra__width-inherit txt_small elementor-widget elementor-widget-text-editor\" data-id=\"f672885\" data-element_type=\"widget\" data-e-type=\"widget\" data-widget_type=\"text-editor.default\">\n\t\t\t\t<div class=\"elementor-widget-container\">\n\t\t\t\t\t\t\t\t\t<h2>I. Postanowienia og\u00f3lne<\/h2>\n<ol>\n \t<li>Niniejsza Polityka ochrony prywatno\u015bci okre\u015bla spos\u00f3b zbierania, przetwarzania i przechowywania danych osobowych koniecznych do \u015bwiadczenia us\u0142ug drog\u0105 elektroniczn\u0105 za po\u015brednictwem serwisu internetowego w domenie <a href=\"http:\/\/www.vividacapital.com\">vividacapital.com<\/a> (dalej: Serwis).<\/li>\n \t<li>Administratorem danych osobowych U\u017cytkownik\u00f3w jest sp\u00f3\u0142ka VIVIDA CAPITAL PSA z siedzib\u0105 w Poznaniu adres: ul. \u015awi\u0119ty Marcin 29\/8, 61-806 Pozna\u0144, wpisan\u0105 do rejestru przedsi\u0119biorc\u00f3w przez S\u0105d Rejonowy Pozna\u0144 \u2013 Nowe Miasto i Wilda w Poznaniu, VIII Wydzia\u0142 Gospodarczy Krajowego Rejestru S\u0105dowego pod numerem KRS 0001053987, REGON: 526206131, NIP: 7831886582 (dalej: Administrator).<\/li>\n \t<li>Dane osobowe przetwarzane s\u0105 zgodnie z Rozporz\u0105dzeniem Parlamentu Europejskiego i Rady (UE) 2016\/679 z dnia 27 kwietnia 2016 r. w sprawie ochrony os\u00f3b fizycznych w zwi\u0105zku z przetwarzaniem danych osobowych i w sprawie swobodnego przep\u0142ywu takich danych oraz uchylenia dyrektywy 95\/46\/WE (og\u00f3lne rozporz\u0105dzenie o ochronie danych) (dalej: RODO) oraz ustaw\u0105 z dnia 10 maja 2018 roku o ochronie danych osobowych.<\/li>\n \t<li>Zbierane przez Administratora dane b\u0119d\u0105:\n<ol style=\"list-style-type: lower-alpha;\">\n \t<li>przetwarzane zgodnie z prawem,<\/li>\n \t<li>przetwarzane w wyra\u017anie\u00a0 okre\u015blonych\u00a0 celach\u00a0 i \u00a0niepoddawane\u00a0 dalszemu\u00a0 przetwarzaniu niezgodnemu z tymi celami,<\/li>\n \t<li>merytorycznie poprawne i adekwatne w stosunku do cel\u00f3w, w jakich s\u0105 przetwarzane,<\/li>\n \t<li>przechowywane nie d\u0142u\u017cej ni\u017c jest to niezb\u0119dne do osi\u0105gni\u0119cia celu przetwarzania.<\/li>\n<\/ol>\n<\/li>\n<\/ol>\n<h2>II. Cel i podstawy prawne przetwarzania danych<\/h2>\n<ol>\n \t<li>Administrator przetwarza dane osobowe niezb\u0119dne do \u015bwiadczenia i rozwoju oferowanych us\u0142ug dost\u0119pnych za po\u015brednictwem Serwisu oraz poszczeg\u00f3lnych jego funkcjonalno\u015bci.<\/li>\n \t<li>Podanie danych osobowych ma charakter dobrowolny, przy czym podanie nast\u0119puj\u0105cych danych mo\u017ce by\u0107 niezb\u0119dne:\n<ol style=\"list-style-type: lower-alpha;\">\n \t<li>Imi\u0119 i nazwisko \u2013 jest niezb\u0119dne w celu skorzystania z formularza; konsekwencj\u0105 niepodania tych danych b\u0119dzie brak mo\u017cliwo\u015bci wys\u0142ania formularza i przedstawienia oferty.<\/li>\n \t<li>Numer telefonu lub adres e-mail \u2013 do wys\u0142ania formularza niezb\u0119dne jest podanie co najmniej jednej z tych danych, w zale\u017cno\u015bci od Pani\/Pana wyboru co do preferowanej formy kontaktu. Mo\u017ce Pani\/Pan poda\u0107 zar\u00f3wno numer telefonu, jak i adres e-mail (je\u015bli wyra\u017ca Pani\/Pan zgod\u0119 na kontakt telefoniczny i mailowy) albo jedn\u0105 z tych danych (je\u015bli wyra\u017ca Pani\/Pan zgod\u0119 wy\u0142\u0105cznie na kontakt telefoniczny albo mailowy).<\/li>\n<\/ol>\n<\/li>\n \t<li>Dane osobowe przetwarzane b\u0119d\u0105 w nast\u0119puj\u0105cych celach:\n<ol style=\"list-style-type: lower-alpha;\">\n \t<li>rejestracji konta, weryfikacji to\u017csamo\u015bci U\u017cytkownika oraz realizacji umowy o \u015bwiadczeniu us\u0142ug drog\u0105 elektroniczn\u0105\u00a0 zgodnie\u00a0 z\u00a0 ustaw\u0105\u00a0 z\u00a0 dnia\u00a0 18\u00a0 lipca\u00a0 2002\u00a0 \u00a0 o\u00a0 \u015bwiadczeniu\u00a0 us\u0142ug\u00a0 drog\u0105 elektroniczn\u0105,\u00a0 w\u00a0 tym\u00a0 w\u00a0 szczeg\u00f3lno\u015bci\u00a0 poprzez\u00a0 zapewnienie\u00a0 mo\u017cliwo\u015bci\u00a0 korzystania\u00a0 z\u00a0 konta U\u017cytkownika \u2013 na podstawie akceptacji warunk\u00f3w Regulaminu (art. 6 ust. 1 lit. b RODO);<\/li>\n \t<li>komunikacji z U\u017cytkownikiem w celu dostarczeniu mu niezb\u0119dnych informacji oraz budowania pozytywnych i rzetelnych relacji z Nim, co stanowi prawnie uzasadniony interes Administratora (art. 6 ust. 1 lit. f RODO);<\/li>\n \t<li>promowania przez\u00a0 Administratora\u00a0 produkt\u00f3w\u00a0 i\/lub\u00a0 us\u0142ug\u00a0 w\u0142asnych\u00a0 oraz\u00a0 swoich\u00a0 Partner\u00f3w poprzez\u00a0\u00a0 kierowanie\u00a0\u00a0 drog\u0105\u00a0\u00a0 elektroniczn\u0105\u00a0\u00a0 Informacji\u00a0\u00a0 marketingowych\u00a0\u00a0 (newsletter)\u00a0\u00a0 o\u00a0\u00a0 ile U\u017cytkownik wyrazi\u0142 zgod\u0119 na otrzymywanie takich powiadomie\u0144 za po\u015brednictwem e-mail (art. 6 ust. 1 lit. a RODO);<\/li>\n \t<li>udzielenia dost\u0119pu do informacji o nowo\u015bciach z bran\u017cy bezpo\u015brednio powi\u0105zanej z dzia\u0142alno\u015bci\u0105 Administratora, o\u00a0 ile\u00a0 U\u017cytkownik\u00a0 wyrazi\u0142\u00a0 zgod\u0119\u00a0 na\u00a0 otrzymywanie\u00a0 takich\u00a0 powiadomie\u0144\u00a0 za po\u015brednictwem e-mail (art. 6 ust. 1 lit. a RODO),<\/li>\n \t<li>w celach\u00a0 analitycznych\u00a0 i\u00a0 statystycznych\u00a0 na\u00a0 podstawie\u00a0 prawnie\u00a0 uzasadnionego\u00a0 interesu Administratora\u00a0 polegaj\u0105cego\u00a0 na\u00a0 prowadzeniu \u00a0weryfikacji\u00a0 aktywno\u015bci\u00a0 U\u017cytkownik\u00f3w\u00a0 i\u00a0 ich preferencji\u00a0 dla\u00a0 optymalizacji\u00a0 us\u0142ug\u00a0 i\u00a0 produkt\u00f3w\u00a0 oraz\u00a0 stosowanych\u00a0 funkcjonalno\u015bci\u00a0 Serwisu (art. 6 ust. 1 lit. f RODO);<\/li>\n \t<li>ewentualnego ustalenia, dochodzenia roszcze\u0144 lub obrony przed nimi na podstawie prawnie uzasadnionego interesu Administratora polegaj\u0105cego na ochronie jej praw (art. 6 ust. 1 lit. f RODO).<\/li>\n \t<li>wysy\u0142anie informacji marketingowych, dotycz\u0105cych nieruchomo\u015bci, kt\u00f3re znajduj\u0105 si\u0119 w ofercie Administratora i s\u0105 realizowane przez partner\u00f3w Administratora, na podstawie zgody wyra\u017conej poprzez zaznaczenie dodatkowego pola pod formularzem kontaktowym (art. 6 ust. 1 lit. a RODO).<\/li>\n \t<li>um\u00f3wienie si\u0119 na spotkanie dotycz\u0105ce \u015bwiadczonych przez Administratora us\u0142ug i oferowanych produkt\u00f3w, co jest prawnie uzasadnionym interesem Administratora (art. 6 ust. 1 lit. f RODO).<\/li>\n \t<li>przedstawienie oferty nabycia prawa w\u0142asno\u015bci nieruchomo\u015bci w zwi\u0105zku z wype\u0142nieniem i wys\u0142aniem przez Pani\u0105\/Pana formularza kontaktowego, co stanowi Pani\/Pana zgod\u0119 na przetwarzanie danych osobowych w tym celu (art. 6 ust. 1 lit. a RODO).<\/li>\n<\/ol>\n<\/li>\n \t<li>W ka\u017cdym z wymienionych powy\u017cej przypadk\u00f3w (ust 2) podanie danych jest dobrowolne, jednak konieczne do zawarcia umowy lub skorzystania z innych funkcjonalno\u015bci Serwisu.<\/li>\n<\/ol>\n<h2>III. Okres przetwarzania danych osobowych<\/h2>\n<ol>\n \t<li>Dane osobowe b\u0119d\u0105 przetwarzane przez okres, w kt\u00f3rym osoba pozostaje aktywnym U\u017cytkownikiem Serwisu (posiada konto U\u017cytkownika), a po tym czasie przez okres niezb\u0119dny do zachowania zgodno\u015bci z przepisami prawa, dochodzenia lub obrony przed ewentualnymi roszczeniami, jednak nie d\u0142u\u017cej ni\u017c 3 lat liczone od dnia rozwi\u0105zania umowy o \u015bwiadczeniu us\u0142ug drog\u0105 elektroniczn\u0105.<\/li>\n \t<li>Dane przetwarzane na podstawie zgody b\u0119d\u0105 przetwarzane do czasu wycofania udzielonej zgody z zastrze\u017ceniem, \u017ce wycofanie tej zgody nie ma wp\u0142ywu na zgodno\u015b\u0107 przetwarzania danych, kt\u00f3rego dokonano przed tym wycofaniem.<\/li>\n \t<li>W zakresie realizacji prawnie uzasadnionego interesu Administratora, kt\u00f3rym jest marketing w\u0142asnych produkt\u00f3w i us\u0142ug do dnia wniesienia sprzeciwu lub wycofania zgody na takie dzia\u0142ania.<\/li>\n \t<li>Do dnia skutecznego wniesienia sprzeciwu wobec przetwarzania danych osobowych w celu marketingu bezpo\u015bredniego.<\/li>\n \t<li>W zakresie, w jakim przetwarzanie danych osobowych jest niezb\u0119dne do wywi\u0105zania si\u0119 przez Administratora z obowi\u0105zk\u00f3w prawnych ci\u0105\u017c\u0105cych na nim zgodnie z obowi\u0105zuj\u0105cymi przepisami prawa.<\/li>\n<\/ol>\n<h2>IV. Informacje o przetwarzaniu<\/h2>\n<ol>\n \t<li>Dane osobowe w zale\u017cno\u015bci od celu przetwarzania mog\u0105 zosta\u0107 ujawnione:\n<ol style=\"list-style-type: lower-alpha;\">\n \t<li>podmiotom powi\u0105zanym z Administratorem<\/li>\n \t<li>podmiotom wsp\u00f3\u0142pracuj\u0105cym z Administratorem,<\/li>\n \t<li>podwykonawcom, w\u00a0 szczeg\u00f3lno\u015bci\u00a0 podmiotom\u00a0 dostarczaj\u0105cym\u00a0 i\u00a0 obs\u0142uguj\u0105cym\u00a0 wybrane systemy i rozwi\u0105zania informatyczne,<\/li>\n \t<li>podmiotom obs\u0142uguj\u0105cym p\u0142atno\u015bci internetowe,<\/li>\n \t<li>podmiotom \u015bwiadcz\u0105cym us\u0142ugi kuriersko-pocztowe,<\/li>\n \t<li>kancelariom prawnym.<\/li>\n<\/ol>\n<\/li>\n \t<li>Dane osobowe przetwarzane przez Administratorem, nie b\u0119d\u0105\/b\u0119d\u0105 przekazywane poza Europejski Obszar Gospodarczy ani do organizacji mi\u0119dzynarodowych.<\/li>\n<\/ol>\n<h2>V. Prawa os\u00f3b, kt\u00f3rych dane dotycz\u0105<\/h2>\n<ol>\n \t<li>U\u017cytkownik Serwisu ma prawo:\n<ol style=\"list-style-type: lower-alpha;\">\n \t<li>dost\u0119pu do tre\u015bci swoich danych osobowych<\/li>\n \t<li>sprostowania danych<\/li>\n \t<li>usuni\u0119cia danych<\/li>\n \t<li>ograniczenia przetwarzania danych<\/li>\n \t<li>przenoszenia danych<\/li>\n \t<li>wniesienia\u00a0 sprzeciwu\u00a0 wobec\u00a0 przetwarzania\u00a0 odbywaj\u0105cego\u00a0 si\u0119\u00a0 na\u00a0 podstawie\u00a0 prawienie usprawiedliwionego interesu administratora<\/li>\n \t<li>wycofania zgody w dowolnym momencie bez wp\u0142ywu na zgodno\u015b\u0107 z prawem przetwarzania, kt\u00f3rego dokonano na podstawie tej zgody przed jej wycofaniem<\/li>\n<\/ol>\n<\/li>\n \t<li>U\u017cytkownik ma prawo do wniesienia skargi do Prezesa Urz\u0119du Ochrony Danych Osobowych w sytuacji, w kt\u00f3rej uzna, \u017ce przetwarzanie narusza jego prawa i wolno\u015bci.<\/li>\n \t<li>U\u017cytkownik, w celu skorzystania z powy\u017cszych praw, mo\u017ce kontaktowa\u0107 si\u0119 z Administratorem drog\u0105 pisemn\u0105 na adres: VIVIDA CAPITAL PSA, ul. \u015awi\u0119ty Marcin 29\/8, 61-806 Pozna\u0144, lub elektronicznie na adres e mail:\u00a0 <a href=\"mailto:info@vividacapital.com\">info@vividacapital.com<\/a><\/li>\n<\/ol>\n<h2>VI. Przekazywanie danych<\/h2>\n<ol>\n \t<li>W zakresie, w jakim Serwis korzysta z funkcjonalno\u015bci lub technologii pochodz\u0105cych od dostawc\u00f3w zewn\u0119trznych, takich jak Google Ireland Ltd., wi\u0105\u017ce si\u0119 to z przekazywaniem danych u\u017cytkownik\u00f3w strony do ww. serwis\u00f3w. W w\u0105skim zakresie przetwarzania, jakim jest gromadzenie danych oraz ich transmisja do ww. serwis\u00f3w \u2013 administratorem danych u\u017cytkownika fanpage s\u0105 wsp\u00f3lnie Administrator oraz odpowiednio Google Ireland Ltd. Szczeg\u00f3\u0142owe informacje na temat przetwarzania danych przez Google Ireland Ltd. znajduj\u0105 si\u0119 pod adresem:\u00a0<a href=\"https:\/\/policies.google.com\/privacy?hl=pl&amp;gl=pl\">https:\/\/policies.google.com\/privacy?hl=pl&amp;gl=pl<\/a>,<\/li>\n \t<li>Przetwarzanie otrzymanych danych osobowych nast\u0119puje w zwi\u0105zku z \u0142\u0105cz\u0105c\u0105 nas wsp\u00f3\u0142prac\u0105 (zawart\u0105 umow\u0105), w oparciu o Pa\u0144stwa zgod\u0119, wys\u0142ane do nas przez Pa\u0144stwa zapytanie lub w zwi\u0105zku z Pa\u0144stwa wizyt\u0105 na naszej stronie internetowej, po\u0142\u0105czon\u0105 z wyra\u017ceniem zgody na zamieszczanie plik\u00f3w cookies na Pa\u0144stwa urz\u0105dzeniach.<\/li>\n \t<li>W sytuacji, gdy nie przekazali\u015bcie nam Pa\u0144stwo swoich danych osobowych bezpo\u015brednio, \u017ar\u00f3d\u0142em, z kt\u00f3rego je pozyskali\u015bmy, mog\u0105 by\u0107 przede wszystkim podmioty, z kt\u00f3rymi wsp\u00f3\u0142pracujemy (tj. partnerzy biznesowi), wsp\u00f3\u0142pracownicy oraz og\u00f3lnodost\u0119pne \u017ar\u00f3d\u0142a informacji, takie jak publiczne rejestry przedsi\u0119biorc\u00f3w i strony internetowe.<\/li>\n<\/ol>\n<h2><strong>VII. Postanowienia ko\u0144cowe<\/strong><\/h2>\n<ol>\n \t<li>Administrator zastrzega sobie\u00a0 prawo\u00a0 do\u00a0 wprowadzenia\u00a0 zmian\u00a0 w\u00a0 niniejszej\u00a0 Polityce\u00a0 prywatno\u015bci jednocze\u015bnie zapewnia, \u017ce prawa U\u017cytkownik\u00f3w wynikaj\u0105ce z niniejszego dokumenty nie zostan\u0105 ograniczone.<\/li>\n \t<li>O wszelkich zmiana w Polityce prywatno\u015bci U\u017cytkownik zostanie poinformowany poprzez komunikat dost\u0119pny w Serwisie<\/li>\n \t<li>W przypadku pyta\u0144 dotycz\u0105cych niniejszej Polityki Prywatno\u015bci prosimy o kontakt z Administratorem na adres e-mail:\u00a0<a href=\"mailto:info@vividacapital.com\">info@vividacapital.com<\/a><\/li>\n<\/ol>\t\t\t\t\t\t\t\t<\/div>\n\t\t\t\t<\/div>\n\t\t\t\t<\/div>\n\t\t\t\t\t<\/div>\n\t\t\t\t<\/div>\n\t\t\t\t<div class=\"unlimited-elements-background-overlay\" data-forid=\"6bcb753\" data-location=\"back\" style=\"display:none\">\n\t\t\t<template>\n\t\t\t\n<!-- start Masks &amp; Patterns Background -->\n<style>\/* widget: Masks &amp; Patterns Background *\/\n\n\n\n\n\n  #uc_masks_patterns_bg_addon10797 .ue_background_mask {\n          --mask: url(\"data:image\/svg+xml,%3csvg fill='%23FAFAFA' viewBox='0 0 1920 1440' preserveAspectRatio='xMinYMin slice' xmlns='http:\/\/www.w3.org\/2000\/svg' %3e%3cpath d='M1919.5 440V308l-22.6 33-248 367.8 270.7 401v-111l-184-289.5z'\/%3e%3cpath d='M1919.5 998.7h0v111l.5.8v-111h0v-50l-.5-.8zm0 137l.5.8v-26l-.5-.8z'\/%3e%3cpath d='M1919.5 308v132h0v43.7h0l-153.2 224 153.2 241h0l.5.8V922l-.5-.8h0l.5.8V509l-.3.4.3-.4v-26l-.3.4.3-.4v-43.7h0v-132l-.5.7zm0 202.2v411.3l-135.4-213L1919.5 510zM1428 0h-18L935.4 703.5l468.2 736.5h17.4L953 704zm-60.7 0H0v709 731h1359.5L892 704.5zm120.5 0l-480 702.5 468.8 737.5h87l-467.3-735L1578 0z'\/%3e%3c\/svg%3e\");\n      }\n\n  #uc_masks_patterns_bg_addon10797 .ue_background_mask {\n    position: absolute;\n    top: 0px;\n    left: 0px;\n    width: 100%;\n    height: 100%;\n    background-image: var(--mask);\n      }\n\n\n@media only screen and (max-width: 767px) {\n    }\n\n<\/style>\n\n<div id=\"uc_masks_patterns_bg_addon10797\">\n        <div class=\"ue_background_mask\"><\/div>\n  <\/div>\n<script type=\"text\/javascript\"  id=\"ue_script_masks_patterns\">\n\n\/* Masks & Patterns Background scripts: *\/ \n\njQuery(document).ready(function(){\nfunction uc_masks_patterns_bg_addon10797_start(){\n\t\t\t\n\t\t\n  var objWidget = jQuery(\"#uc_masks_patterns_bg_addon10797\");\n  var objParent = objWidget.parent();\n  var dataLocation = objParent.data(\"location\");\n \n  \/\/fix for bg location\n  function initFixForBgLocation(){\n    var objWidget = jQuery(\"#uc_masks_patterns_bg_addon10797\");\n    var objParent = objWidget.parent();\n    \n    if(!objParent || objParent.length == 0)\n      return(false);\n    \n        var dataLocation = objParent.data(\"location\");\n   \n    if(!dataLocation || dataLocation != \"back\")\n      return(false);\n     \n    \n    var objMainHolder = objParent.parent();\n     \n    if(!objMainHolder || objMainHolder.length == 0)\n      return(false);\n    \n    \/\/adjust z-index for UE bg overlay    \n    objParent.css(\"z-index\", 1);\n    \n    \/\/adjust z-index for Elementor MAin Container where both overlay are located\n    var initialZIndex = objMainHolder.css(\"--z-index\");\n    \n    if(!initialZIndex || initialZIndex == \"\" || initialZIndex == \"revert\" || initialZIndex < 1 || initialZIndex == \"auto\")\n      objMainHolder.css(\"--z-index\", 1);\n  }\n\n  \/\/init fix\n  initFixForBgLocation();\n    \t\n}if(jQuery(\"#uc_masks_patterns_bg_addon10797\").length && !jQuery(\"#uc_masks_patterns_bg_addon10797\").parents('[data-elementor-type=\"popup\"]').length) uc_masks_patterns_bg_addon10797_start();\n\tjQuery( document ).on( 'elementor\/popup\/show', (event, id, objPopup) => {\n\tif(objPopup.$element.has(jQuery(\"#uc_masks_patterns_bg_addon10797\")).length) uc_masks_patterns_bg_addon10797_start()});\n});\n\t\t\t\n<\/script>\n<!-- end Masks & Patterns Background -->\t\t\t<\/template>\n\t\t<\/div>\n\t\t\n\t\t\t\t<\/div>\n\t\t","protected":false},"excerpt":{"rendered":"<p>Polityka prywatno\u015bci I. Postanowienia og\u00f3lne Niniejsza Polityka ochrony prywatno\u015bci okre\u015bla spos\u00f3b zbierania, przetwarzania i przechowywania danych osobowych koniecznych do \u015bwiadczenia us\u0142ug drog\u0105 elektroniczn\u0105 za po\u015brednictwem serwisu internetowego w domenie vividacapital.com (dalej: Serwis). Administratorem danych osobowych U\u017cytkownik\u00f3w jest sp\u00f3\u0142ka VIVIDA CAPITAL PSA z siedzib\u0105 w Poznaniu adres: ul. \u015awi\u0119ty Marcin 29\/8, 61-806 Pozna\u0144, wpisan\u0105 do rejestru [&hellip;]<\/p>\n","protected":false},"author":1,"featured_media":1564,"parent":0,"menu_order":0,"comment_status":"closed","ping_status":"closed","template":"","meta":{"footnotes":""},"class_list":["post-125","page","type-page","status-publish","has-post-thumbnail","hentry"],"_links":{"self":[{"href":"https:\/\/vividacapital.com\/en\/wp-json\/wp\/v2\/pages\/125","targetHints":{"allow":["GET"]}}],"collection":[{"href":"https:\/\/vividacapital.com\/en\/wp-json\/wp\/v2\/pages"}],"about":[{"href":"https:\/\/vividacapital.com\/en\/wp-json\/wp\/v2\/types\/page"}],"author":[{"embeddable":true,"href":"https:\/\/vividacapital.com\/en\/wp-json\/wp\/v2\/users\/1"}],"replies":[{"embeddable":true,"href":"https:\/\/vividacapital.com\/en\/wp-json\/wp\/v2\/comments?post=125"}],"version-history":[{"count":32,"href":"https:\/\/vividacapital.com\/en\/wp-json\/wp\/v2\/pages\/125\/revisions"}],"predecessor-version":[{"id":2230,"href":"https:\/\/vividacapital.com\/en\/wp-json\/wp\/v2\/pages\/125\/revisions\/2230"}],"wp:featuredmedia":[{"embeddable":true,"href":"https:\/\/vividacapital.com\/en\/wp-json\/wp\/v2\/media\/1564"}],"wp:attachment":[{"href":"https:\/\/vividacapital.com\/en\/wp-json\/wp\/v2\/media?parent=125"}],"curies":[{"name":"wp","href":"https:\/\/api.w.org\/{rel}","templated":true}]}}