{"id":1414,"date":"2025-04-03T16:42:35","date_gmt":"2025-04-03T16:42:35","guid":{"rendered":"https:\/\/vividacapital.com\/?page_id=1414"},"modified":"2025-04-10T19:48:41","modified_gmt":"2025-04-10T19:48:41","slug":"o-nas","status":"publish","type":"page","link":"https:\/\/vividacapital.com\/en\/o-nas\/","title":{"rendered":"About us"},"content":{"rendered":"\t\t<div data-elementor-type=\"wp-page\" data-elementor-id=\"1414\" class=\"elementor elementor-1414\" data-elementor-post-type=\"page\">\n\t\t\t\t<div class=\"elementor-element elementor-element-221d56a e-con-full e-flex e-con e-parent\" data-id=\"221d56a\" data-element_type=\"container\" data-e-type=\"container\" data-settings=\"{&quot;background_background&quot;:&quot;classic&quot;}\">\n\t\t<div class=\"elementor-element elementor-element-4a8d66b e-flex e-con-boxed e-con e-child\" data-id=\"4a8d66b\" data-element_type=\"container\" data-e-type=\"container\">\n\t\t\t\t\t<div class=\"e-con-inner\">\n\t\t\t\t<div class=\"elementor-element elementor-element-9179b43 elementor-widget__width-inherit elementor-invisible elementor-widget elementor-widget-heading\" data-id=\"9179b43\" data-element_type=\"widget\" data-e-type=\"widget\" data-settings=\"{&quot;_animation&quot;:&quot;fadeInDown&quot;}\" data-widget_type=\"heading.default\">\n\t\t\t\t<div class=\"elementor-widget-container\">\n\t\t\t\t\t<h1 class=\"elementor-heading-title elementor-size-default\">O <span style=\"color:var( --e-global-color-4c3b65a)\"> nas<\/span><\/h1>\t\t\t\t<\/div>\n\t\t\t\t<\/div>\n\t\t\t\t\t<\/div>\n\t\t\t\t<\/div>\n\t\t\t\t<\/div>\n\t\t<div class=\"elementor-element elementor-element-5c2de04 e-flex e-con-boxed e-con e-parent\" data-id=\"5c2de04\" data-element_type=\"container\" data-e-type=\"container\" data-settings=\"{&quot;background_background&quot;:&quot;gradient&quot;}\">\n\t\t\t\t\t<div class=\"e-con-inner\">\n\t\t<div class=\"elementor-element elementor-element-9726507 e-con-full e-flex e-con e-child\" data-id=\"9726507\" data-element_type=\"container\" data-e-type=\"container\">\n\t\t\t\t<div class=\"elementor-element elementor-element-593fff3 elementor-invisible elementor-widget elementor-widget-image\" data-id=\"593fff3\" data-element_type=\"widget\" data-e-type=\"widget\" data-settings=\"{&quot;_animation&quot;:&quot;fadeInUp&quot;}\" data-widget_type=\"image.default\">\n\t\t\t\t<div class=\"elementor-widget-container\">\n\t\t\t\t\t\t\t\t\t\t\t\t\t\t\t<img loading=\"lazy\" decoding=\"async\" width=\"1563\" height=\"358\" src=\"https:\/\/vividacapital.com\/wp-content\/uploads\/2022\/12\/logo-vivida2-04b.png\" class=\"attachment-2048x2048 size-2048x2048 wp-image-490\" alt=\"vivida capital\" srcset=\"https:\/\/vividacapital.com\/wp-content\/uploads\/2022\/12\/logo-vivida2-04b.png 1563w, https:\/\/vividacapital.com\/wp-content\/uploads\/2022\/12\/logo-vivida2-04b-300x69.png 300w, https:\/\/vividacapital.com\/wp-content\/uploads\/2022\/12\/logo-vivida2-04b-1024x235.png 1024w, https:\/\/vividacapital.com\/wp-content\/uploads\/2022\/12\/logo-vivida2-04b-768x176.png 768w, https:\/\/vividacapital.com\/wp-content\/uploads\/2022\/12\/logo-vivida2-04b-1536x352.png 1536w\" sizes=\"auto, (max-width: 1563px) 100vw, 1563px\" \/>\t\t\t\t\t\t\t\t\t\t\t\t\t\t\t<\/div>\n\t\t\t\t<\/div>\n\t\t<div class=\"elementor-element elementor-element-0d9a9ad e-con-full e-flex e-con e-child\" data-id=\"0d9a9ad\" data-element_type=\"container\" data-e-type=\"container\">\n\t\t<div class=\"elementor-element elementor-element-5b68e50 e-con-full e-flex e-con e-child\" data-id=\"5b68e50\" data-element_type=\"container\" data-e-type=\"container\">\n\t\t\t\t<div class=\"elementor-element elementor-element-06bcf61 elementor-widget__width-inherit elementor-invisible elementor-widget elementor-widget-heading\" data-id=\"06bcf61\" data-element_type=\"widget\" data-e-type=\"widget\" data-settings=\"{&quot;_animation&quot;:&quot;fadeInDown&quot;}\" data-widget_type=\"heading.default\">\n\t\t\t\t<div class=\"elementor-widget-container\">\n\t\t\t\t\t<h2 class=\"elementor-heading-title elementor-size-default\">Synergia wiedzy<span style=\"color:var( --e-global-color-4c3b65a)\"> i do\u015bwiadczenia<\/span><\/h2>\t\t\t\t<\/div>\n\t\t\t\t<\/div>\n\t\t\t\t<div class=\"elementor-element elementor-element-1ed74d2 elementor-widget__width-initial elementor-widget elementor-widget-text-editor\" data-id=\"1ed74d2\" data-element_type=\"widget\" data-e-type=\"widget\" data-widget_type=\"text-editor.default\">\n\t\t\t\t<div class=\"elementor-widget-container\">\n\t\t\t\t\t\t\t\t\t<p>Skuteczne doradztwo finansowe i biznesowe<\/p>\t\t\t\t\t\t\t\t<\/div>\n\t\t\t\t<\/div>\n\t\t\t\t<\/div>\n\t\t<div class=\"elementor-element elementor-element-be67fb2 e-con-full e-flex e-con e-child\" data-id=\"be67fb2\" data-element_type=\"container\" data-e-type=\"container\">\n\t\t\t\t<div class=\"elementor-element elementor-element-fdaf7d4 elementor-widget__width-inherit elementor-widget-mobile_extra__width-inherit elementor-widget elementor-widget-text-editor\" data-id=\"fdaf7d4\" data-element_type=\"widget\" data-e-type=\"widget\" data-widget_type=\"text-editor.default\">\n\t\t\t\t<div class=\"elementor-widget-container\">\n\t\t\t\t\t\t\t\t\t<p>VIVIDA CAPITAL to zesp\u00f3\u0142 ludzi z ogromnym do\u015bwiadczeniem w obszarze finans\u00f3w, prawa i nieruchomo\u015bci. Opieraj\u0105c si\u0119 na dziesi\u0119cioleciach wsp\u00f3lnego do\u015bwiadczenia w r\u00f3\u017cnych sektorach bankowo\u015bci, finans\u00f3w przedsi\u0119biorstw i r\u00f3\u017cnych r\u00f3l operacyjnych i zarz\u0105dczych w r\u00f3\u017cnych bran\u017cach, nasz zesp\u00f3\u0142 posiada unikaln\u0105 mieszank\u0119 wiedzy specjalistycznej. Ta synergia umiej\u0119tno\u015bci i do\u015bwiadczenia pozwala nam \u015bwiadczy\u0107 dostosowane do potrzeb, wysokiej jako\u015bci us\u0142ugi doradcze. Specjalizujemy si\u0119 w transakcjach kapita\u0142owych, pozyskiwaniu finansowania d\u0142u\u017cnego (kredyty, po\u017cyczki) oraz doradztwie i po\u015brednictwie w obrocie nieruchomo\u015bciami komercyjnymi. Z sukcesem \u0142\u0105czymy wskazane obszary, oferuj\u0105c naszym klientom kompleksow\u0105 us\u0142ug\u0119 corporate finance, zawieraj\u0105c\u0105 elementy doradztwa strategicznego, kapita\u0142owego oraz finansowego.<\/p>\t\t\t\t\t\t\t\t<\/div>\n\t\t\t\t<\/div>\n\t\t\t\t<\/div>\n\t\t\t\t<\/div>\n\t\t\t\t<\/div>\n\t\t\t\t\t<\/div>\n\t\t\t\t<\/div>\n\t\t\t\t<div class=\"unlimited-elements-background-overlay\" data-forid=\"5c2de04\" data-location=\"back\" style=\"display:none\">\n\t\t\t<template>\n\t\t\t\n<!-- start Masks &amp; Patterns Background -->\n<style>\/* widget: Masks &amp; Patterns Background *\/\n\n\n\n\n\n  #uc_masks_patterns_bg_addon14715 .ue_background_mask {\n          --mask: url(\"data:image\/svg+xml,%3csvg fill='%23FAFAFA' viewBox='0 0 1920 1440' preserveAspectRatio='xMinYMin slice' xmlns='http:\/\/www.w3.org\/2000\/svg' %3e%3cpath d='M1919.5 440V308l-22.6 33-248 367.8 270.7 401v-111l-184-289.5z'\/%3e%3cpath d='M1919.5 998.7h0v111l.5.8v-111h0v-50l-.5-.8zm0 137l.5.8v-26l-.5-.8z'\/%3e%3cpath d='M1919.5 308v132h0v43.7h0l-153.2 224 153.2 241h0l.5.8V922l-.5-.8h0l.5.8V509l-.3.4.3-.4v-26l-.3.4.3-.4v-43.7h0v-132l-.5.7zm0 202.2v411.3l-135.4-213L1919.5 510zM1428 0h-18L935.4 703.5l468.2 736.5h17.4L953 704zm-60.7 0H0v709 731h1359.5L892 704.5zm120.5 0l-480 702.5 468.8 737.5h87l-467.3-735L1578 0z'\/%3e%3c\/svg%3e\");\n      }\n\n  #uc_masks_patterns_bg_addon14715 .ue_background_mask {\n    position: absolute;\n    top: 0px;\n    left: 0px;\n    width: 100%;\n    height: 100%;\n    background-image: var(--mask);\n      }\n\n\n@media only screen and (max-width: 767px) {\n    }\n\n<\/style>\n\n<div id=\"uc_masks_patterns_bg_addon14715\">\n        <div class=\"ue_background_mask\"><\/div>\n  <\/div>\n<script type=\"text\/javascript\"  id=\"ue_script_masks_patterns\">\n\n\/* Masks & Patterns Background scripts: *\/ \n\njQuery(document).ready(function(){\nfunction uc_masks_patterns_bg_addon14715_start(){\n\t\t\t\n\t\t\n  var objWidget = jQuery(\"#uc_masks_patterns_bg_addon14715\");\n  var objParent = objWidget.parent();\n  var dataLocation = objParent.data(\"location\");\n \n  \/\/fix for bg location\n  function initFixForBgLocation(){\n    var objWidget = jQuery(\"#uc_masks_patterns_bg_addon14715\");\n    var objParent = objWidget.parent();\n    \n    if(!objParent || objParent.length == 0)\n      return(false);\n    \n        var dataLocation = objParent.data(\"location\");\n   \n    if(!dataLocation || dataLocation != \"back\")\n      return(false);\n     \n    \n    var objMainHolder = objParent.parent();\n     \n    if(!objMainHolder || objMainHolder.length == 0)\n      return(false);\n    \n    \/\/adjust z-index for UE bg overlay    \n    objParent.css(\"z-index\", 1);\n    \n    \/\/adjust z-index for Elementor MAin Container where both overlay are located\n    var initialZIndex = objMainHolder.css(\"--z-index\");\n    \n    if(!initialZIndex || initialZIndex == \"\" || initialZIndex == \"revert\" || initialZIndex < 1 || initialZIndex == \"auto\")\n      objMainHolder.css(\"--z-index\", 1);\n  }\n\n  \/\/init fix\n  initFixForBgLocation();\n    \t\n}if(jQuery(\"#uc_masks_patterns_bg_addon14715\").length && !jQuery(\"#uc_masks_patterns_bg_addon14715\").parents('[data-elementor-type=\"popup\"]').length) uc_masks_patterns_bg_addon14715_start();\n\tjQuery( document ).on( 'elementor\/popup\/show', (event, id, objPopup) => {\n\tif(objPopup.$element.has(jQuery(\"#uc_masks_patterns_bg_addon14715\")).length) uc_masks_patterns_bg_addon14715_start()});\n});\n\t\t\t\n<\/script>\n<!-- end Masks & Patterns Background -->\t\t\t<\/template>\n\t\t<\/div>\n\t\t\n\t\t<div class=\"elementor-element elementor-element-fecf972 e-con-full e-flex e-con e-parent\" data-id=\"fecf972\" data-element_type=\"container\" data-e-type=\"container\">\n\t\t\t\t<div class=\"elementor-element elementor-element-ff71abf elementor-widget elementor-widget-template\" data-id=\"ff71abf\" data-element_type=\"widget\" data-e-type=\"widget\" data-widget_type=\"template.default\">\n\t\t\t\t<div class=\"elementor-widget-container\">\n\t\t\t\t\t\t\t<div class=\"elementor-template\">\n\t\t\t\t\t<div data-elementor-type=\"container\" data-elementor-id=\"1195\" class=\"elementor elementor-1195\" data-elementor-post-type=\"elementor_library\">\n\t\t\t\t<div class=\"elementor-element elementor-element-b597e11 elementor-hidden-mobile e-flex e-con-boxed e-con e-parent\" data-id=\"b597e11\" data-element_type=\"container\" data-e-type=\"container\" data-settings=\"{&quot;background_background&quot;:&quot;classic&quot;}\">\n\t\t\t\t\t<div class=\"e-con-inner\">\n\t\t<div class=\"elementor-element elementor-element-f7e6644 e-con-full e-flex e-con e-child\" data-id=\"f7e6644\" data-element_type=\"container\" data-e-type=\"container\">\n\t\t<div class=\"elementor-element elementor-element-d5c7232 e-con-full e-flex e-con e-child\" data-id=\"d5c7232\" data-element_type=\"container\" data-e-type=\"container\">\n\t\t\t\t<div class=\"elementor-element elementor-element-bdb8b64 elementor-widget__width-inherit elementor-invisible elementor-widget elementor-widget-heading\" data-id=\"bdb8b64\" data-element_type=\"widget\" data-e-type=\"widget\" data-settings=\"{&quot;_animation&quot;:&quot;fadeInDown&quot;}\" data-widget_type=\"heading.default\">\n\t\t\t\t<div class=\"elementor-widget-container\">\n\t\t\t\t\t<h2 class=\"elementor-heading-title elementor-size-default\">Rozpocznij<span style=\"color:var( --e-global-color-4c3b65a)\"> wsp\u00f3\u0142prac\u0119<\/span><\/h2>\t\t\t\t<\/div>\n\t\t\t\t<\/div>\n\t\t\t\t<div class=\"elementor-element elementor-element-77845fe elementor-widget__width-initial elementor-widget elementor-widget-text-editor\" data-id=\"77845fe\" data-element_type=\"widget\" data-e-type=\"widget\" data-widget_type=\"text-editor.default\">\n\t\t\t\t<div class=\"elementor-widget-container\">\n\t\t\t\t\t\t\t\t\t<p>Synergia us\u0142ug i wzajemne korzy\u015bci<\/p>\t\t\t\t\t\t\t\t<\/div>\n\t\t\t\t<\/div>\n\t\t\t\t<div class=\"elementor-element elementor-element-f284425 txt_small elementor-widget-mobile_extra__width-initial elementor-widget-laptop__width-initial elementor-widget elementor-widget-text-editor\" data-id=\"f284425\" data-element_type=\"widget\" data-e-type=\"widget\" data-widget_type=\"text-editor.default\">\n\t\t\t\t<div class=\"elementor-widget-container\">\n\t\t\t\t\t\t\t\t\t<p style=\"text-align: center;\">Prowadzisz:<\/p><ul><li>Kancelari\u0119 prawn\u0105 i restrukturyzacyjn\u0105,<\/li><li>Biuro rachunkowe,<\/li><li>Kancelari\u0119 doradztwa podatkowego<\/li><li>Biuro po\u015brednictwa obrotu nieruchomo\u015bciami?<\/li><\/ul><p style=\"text-align: center;\"><strong><br \/>Sprawd\u017a dlaczego warto rozwa\u017cy\u0107 wsp\u00f3\u0142prac\u0119 z VIVIDA CAPITAL!<\/strong><\/p>\t\t\t\t\t\t\t\t<\/div>\n\t\t\t\t<\/div>\n\t\t\t\t<div class=\"elementor-element elementor-element-b50b65b elementor-mobile-align-justify elementor-align-center elementor-tablet-align-center elementor-mobile_extra-align-center elementor-invisible elementor-widget elementor-widget-button\" data-id=\"b50b65b\" data-element_type=\"widget\" data-e-type=\"widget\" data-settings=\"{&quot;_animation&quot;:&quot;fadeInUp&quot;}\" data-widget_type=\"button.default\">\n\t\t\t\t<div class=\"elementor-widget-container\">\n\t\t\t\t\t\t\t\t\t<div class=\"elementor-button-wrapper\">\n\t\t\t\t\t<a class=\"elementor-button elementor-button-link elementor-size-sm\" href=\"https:\/\/vividacapital.com\/en\/wspolpraca\/\">\n\t\t\t\t\t\t<span class=\"elementor-button-content-wrapper\">\n\t\t\t\t\t\t\t\t\t<span class=\"elementor-button-text\">Nawi\u0105\u017c wsp\u00f3\u0142prac\u0119 <\/span>\n\t\t\t\t\t<\/span>\n\t\t\t\t\t<\/a>\n\t\t\t\t<\/div>\n\t\t\t\t\t\t\t\t<\/div>\n\t\t\t\t<\/div>\n\t\t\t\t<\/div>\n\t\t\t\t<\/div>\n\t\t\t\t\t<\/div>\n\t\t\t\t<\/div>\n\t\t\t\t<div class=\"unlimited-elements-background-overlay\" data-forid=\"b597e11\" data-location=\"back\" style=\"display:none\">\n\t\t\t<template>\n\t\t\t\n<!-- start Masks &amp; Patterns Background -->\n<style>\/* widget: Masks &amp; Patterns Background *\/\n\n\n\n\n\n  #uc_masks_patterns_bg_addon29848 .ue_background_mask {\n          --mask: url(\"data:image\/svg+xml,%3csvg fill='%23FAFAFA' viewBox='0 0 1920 1440' preserveAspectRatio='xMinYMin slice' xmlns='http:\/\/www.w3.org\/2000\/svg' %3e%3cpath d='M1919.5 440V308l-22.6 33-248 367.8 270.7 401v-111l-184-289.5z'\/%3e%3cpath d='M1919.5 998.7h0v111l.5.8v-111h0v-50l-.5-.8zm0 137l.5.8v-26l-.5-.8z'\/%3e%3cpath d='M1919.5 308v132h0v43.7h0l-153.2 224 153.2 241h0l.5.8V922l-.5-.8h0l.5.8V509l-.3.4.3-.4v-26l-.3.4.3-.4v-43.7h0v-132l-.5.7zm0 202.2v411.3l-135.4-213L1919.5 510zM1428 0h-18L935.4 703.5l468.2 736.5h17.4L953 704zm-60.7 0H0v709 731h1359.5L892 704.5zm120.5 0l-480 702.5 468.8 737.5h87l-467.3-735L1578 0z'\/%3e%3c\/svg%3e\");\n      }\n\n  #uc_masks_patterns_bg_addon29848 .ue_background_mask {\n    position: absolute;\n    top: 0px;\n    left: 0px;\n    width: 100%;\n    height: 100%;\n    background-image: var(--mask);\n          transform:   rotateY(180deg) ;\n      }\n\n\n@media only screen and (max-width: 767px) {\n    }\n\n<\/style>\n\n<div id=\"uc_masks_patterns_bg_addon29848\">\n        <div class=\"ue_background_mask\"><\/div>\n  <\/div>\n<script type=\"text\/javascript\"  id=\"ue_script_masks_patterns2\">\n\n\/* Masks & Patterns Background scripts: *\/ \n\njQuery(document).ready(function(){\nfunction uc_masks_patterns_bg_addon29848_start(){\n\t\t\t\n\t\t\n  var objWidget = jQuery(\"#uc_masks_patterns_bg_addon29848\");\n  var objParent = objWidget.parent();\n  var dataLocation = objParent.data(\"location\");\n \n  \/\/fix for bg location\n  function initFixForBgLocation(){\n    var objWidget = jQuery(\"#uc_masks_patterns_bg_addon29848\");\n    var objParent = objWidget.parent();\n    \n    if(!objParent || objParent.length == 0)\n      return(false);\n    \n        var dataLocation = objParent.data(\"location\");\n   \n    if(!dataLocation || dataLocation != \"back\")\n      return(false);\n     \n    \n    var objMainHolder = objParent.parent();\n     \n    if(!objMainHolder || objMainHolder.length == 0)\n      return(false);\n    \n    \/\/adjust z-index for UE bg overlay    \n    objParent.css(\"z-index\", 1);\n    \n    \/\/adjust z-index for Elementor MAin Container where both overlay are located\n    var initialZIndex = objMainHolder.css(\"--z-index\");\n    \n    if(!initialZIndex || initialZIndex == \"\" || initialZIndex == \"revert\" || initialZIndex < 1 || initialZIndex == \"auto\")\n      objMainHolder.css(\"--z-index\", 1);\n  }\n\n  \/\/init fix\n  initFixForBgLocation();\n    \t\n}if(jQuery(\"#uc_masks_patterns_bg_addon29848\").length && !jQuery(\"#uc_masks_patterns_bg_addon29848\").parents('[data-elementor-type=\"popup\"]').length) uc_masks_patterns_bg_addon29848_start();\n\tjQuery( document ).on( 'elementor\/popup\/show', (event, id, objPopup) => {\n\tif(objPopup.$element.has(jQuery(\"#uc_masks_patterns_bg_addon29848\")).length) uc_masks_patterns_bg_addon29848_start()});\n});\n\t\t\t\n<\/script>\n<!-- end Masks & Patterns Background -->\t\t\t<\/template>\n\t\t<\/div>\n\t\t\n\t\t<div class=\"elementor-element elementor-element-5e790a1 elementor-hidden-desktop elementor-hidden-laptop elementor-hidden-tablet_extra elementor-hidden-tablet elementor-hidden-mobile_extra e-flex e-con-boxed e-con e-parent\" data-id=\"5e790a1\" data-element_type=\"container\" data-e-type=\"container\" data-settings=\"{&quot;background_background&quot;:&quot;classic&quot;}\">\n\t\t\t\t\t<div class=\"e-con-inner\">\n\t\t<div class=\"elementor-element elementor-element-733bea3 e-con-full e-flex e-con e-child\" data-id=\"733bea3\" data-element_type=\"container\" data-e-type=\"container\" data-settings=\"{&quot;background_background&quot;:&quot;classic&quot;}\">\n\t\t<div class=\"elementor-element elementor-element-207b41c e-con-full e-flex e-con e-child\" data-id=\"207b41c\" data-element_type=\"container\" data-e-type=\"container\">\n\t\t\t\t<div class=\"elementor-element elementor-element-4de4650 elementor-widget__width-inherit elementor-invisible elementor-widget elementor-widget-heading\" data-id=\"4de4650\" data-element_type=\"widget\" data-e-type=\"widget\" data-settings=\"{&quot;_animation&quot;:&quot;fadeInDown&quot;}\" data-widget_type=\"heading.default\">\n\t\t\t\t<div class=\"elementor-widget-container\">\n\t\t\t\t\t<h2 class=\"elementor-heading-title elementor-size-default\">Rozpocznij<span style=\"color:var( --e-global-color-4c3b65a)\"> wsp\u00f3\u0142prac\u0119<\/span><\/h2>\t\t\t\t<\/div>\n\t\t\t\t<\/div>\n\t\t\t\t<div class=\"elementor-element elementor-element-31122cc elementor-widget__width-initial elementor-widget elementor-widget-text-editor\" data-id=\"31122cc\" data-element_type=\"widget\" data-e-type=\"widget\" data-widget_type=\"text-editor.default\">\n\t\t\t\t<div class=\"elementor-widget-container\">\n\t\t\t\t\t\t\t\t\t<p>Synergia us\u0142ug i wzajemne korzy\u015bci<\/p>\t\t\t\t\t\t\t\t<\/div>\n\t\t\t\t<\/div>\n\t\t\t\t<div class=\"elementor-element elementor-element-7d4a9c9 txt_small elementor-widget-mobile_extra__width-initial elementor-widget-laptop__width-initial elementor-widget elementor-widget-text-editor\" data-id=\"7d4a9c9\" data-element_type=\"widget\" data-e-type=\"widget\" data-widget_type=\"text-editor.default\">\n\t\t\t\t<div class=\"elementor-widget-container\">\n\t\t\t\t\t\t\t\t\t<p style=\"text-align: center;\">Prowadzisz:<\/p><ul><li>Kancelari\u0119 prawn\u0105 i restrukturyzacyjn\u0105,<\/li><li>Biuro rachunkowe,<\/li><li>Kancelari\u0119 doradztwa podatkowego<\/li><li>Biuro po\u015brednictwa obrotu nieruchomo\u015bciami?<\/li><\/ul><p style=\"text-align: center;\"><strong><br \/>Sprawd\u017a dlaczego warto rozwa\u017cy\u0107 wsp\u00f3\u0142prac\u0119 z VIVIDA CAPITAL!<\/strong><\/p>\t\t\t\t\t\t\t\t<\/div>\n\t\t\t\t<\/div>\n\t\t\t\t<div class=\"elementor-element elementor-element-e51351d elementor-mobile-align-justify elementor-align-center elementor-tablet-align-center elementor-mobile_extra-align-center elementor-invisible elementor-widget elementor-widget-button\" data-id=\"e51351d\" data-element_type=\"widget\" data-e-type=\"widget\" data-settings=\"{&quot;_animation&quot;:&quot;fadeInUp&quot;}\" data-widget_type=\"button.default\">\n\t\t\t\t<div class=\"elementor-widget-container\">\n\t\t\t\t\t\t\t\t\t<div class=\"elementor-button-wrapper\">\n\t\t\t\t\t<a class=\"elementor-button elementor-button-link elementor-size-sm\" href=\"https:\/\/vividacapital.com\/en\/wspolpraca\/\">\n\t\t\t\t\t\t<span class=\"elementor-button-content-wrapper\">\n\t\t\t\t\t\t\t\t\t<span class=\"elementor-button-text\">Nawi\u0105\u017c wsp\u00f3\u0142prac\u0119 <\/span>\n\t\t\t\t\t<\/span>\n\t\t\t\t\t<\/a>\n\t\t\t\t<\/div>\n\t\t\t\t\t\t\t\t<\/div>\n\t\t\t\t<\/div>\n\t\t\t\t<\/div>\n\t\t\t\t<\/div>\n\t\t\t\t\t<\/div>\n\t\t\t\t<\/div>\n\t\t\t\t<div class=\"unlimited-elements-background-overlay\" data-forid=\"5e790a1\" data-location=\"back\" style=\"display:none\">\n\t\t\t<template>\n\t\t\t\n<!-- start Masks &amp; Patterns Background -->\n<style>\/* widget: Masks &amp; Patterns Background *\/\n\n\n\n\n\n  #uc_masks_patterns_bg_addon39032 .ue_background_mask {\n          --mask: url(\"data:image\/svg+xml,%3csvg fill='%23FAFAFA' viewBox='0 0 1920 1440' preserveAspectRatio='xMinYMin slice' xmlns='http:\/\/www.w3.org\/2000\/svg' %3e%3cpath d='M1919.5 440V308l-22.6 33-248 367.8 270.7 401v-111l-184-289.5z'\/%3e%3cpath d='M1919.5 998.7h0v111l.5.8v-111h0v-50l-.5-.8zm0 137l.5.8v-26l-.5-.8z'\/%3e%3cpath d='M1919.5 308v132h0v43.7h0l-153.2 224 153.2 241h0l.5.8V922l-.5-.8h0l.5.8V509l-.3.4.3-.4v-26l-.3.4.3-.4v-43.7h0v-132l-.5.7zm0 202.2v411.3l-135.4-213L1919.5 510zM1428 0h-18L935.4 703.5l468.2 736.5h17.4L953 704zm-60.7 0H0v709 731h1359.5L892 704.5zm120.5 0l-480 702.5 468.8 737.5h87l-467.3-735L1578 0z'\/%3e%3c\/svg%3e\");\n      }\n\n  #uc_masks_patterns_bg_addon39032 .ue_background_mask {\n    position: absolute;\n    top: 0px;\n    left: 0px;\n    width: 100%;\n    height: 100%;\n    background-image: var(--mask);\n          transform:   rotateY(180deg) ;\n      }\n\n\n@media only screen and (max-width: 767px) {\n    }\n\n<\/style>\n\n<div id=\"uc_masks_patterns_bg_addon39032\">\n        <div class=\"ue_background_mask\"><\/div>\n  <\/div>\n<script type=\"text\/javascript\"  id=\"ue_script_masks_patterns3\">\n\n\/* Masks & Patterns Background scripts: *\/ \n\njQuery(document).ready(function(){\nfunction uc_masks_patterns_bg_addon39032_start(){\n\t\t\t\n\t\t\n  var objWidget = jQuery(\"#uc_masks_patterns_bg_addon39032\");\n  var objParent = objWidget.parent();\n  var dataLocation = objParent.data(\"location\");\n \n  \/\/fix for bg location\n  function initFixForBgLocation(){\n    var objWidget = jQuery(\"#uc_masks_patterns_bg_addon39032\");\n    var objParent = objWidget.parent();\n    \n    if(!objParent || objParent.length == 0)\n      return(false);\n    \n        var dataLocation = objParent.data(\"location\");\n   \n    if(!dataLocation || dataLocation != \"back\")\n      return(false);\n     \n    \n    var objMainHolder = objParent.parent();\n     \n    if(!objMainHolder || objMainHolder.length == 0)\n      return(false);\n    \n    \/\/adjust z-index for UE bg overlay    \n    objParent.css(\"z-index\", 1);\n    \n    \/\/adjust z-index for Elementor MAin Container where both overlay are located\n    var initialZIndex = objMainHolder.css(\"--z-index\");\n    \n    if(!initialZIndex || initialZIndex == \"\" || initialZIndex == \"revert\" || initialZIndex < 1 || initialZIndex == \"auto\")\n      objMainHolder.css(\"--z-index\", 1);\n  }\n\n  \/\/init fix\n  initFixForBgLocation();\n    \t\n}if(jQuery(\"#uc_masks_patterns_bg_addon39032\").length && !jQuery(\"#uc_masks_patterns_bg_addon39032\").parents('[data-elementor-type=\"popup\"]').length) uc_masks_patterns_bg_addon39032_start();\n\tjQuery( document ).on( 'elementor\/popup\/show', (event, id, objPopup) => {\n\tif(objPopup.$element.has(jQuery(\"#uc_masks_patterns_bg_addon39032\")).length) uc_masks_patterns_bg_addon39032_start()});\n});\n\t\t\t\n<\/script>\n<!-- end Masks & Patterns Background -->\t\t\t<\/template>\n\t\t<\/div>\n\t\t\n\t\t\t\t<\/div>\n\t\t\t\t<\/div>\n\t\t\t\t\t\t<\/div>\n\t\t\t\t<\/div>\n\t\t\t\t<\/div>\n\t\t\t\t<\/div>\n\t\t","protected":false},"excerpt":{"rendered":"<p>O nas Synergia wiedzy i do\u015bwiadczenia Skuteczne doradztwo finansowe i biznesowe VIVIDA CAPITAL to zesp\u00f3\u0142 ludzi z ogromnym do\u015bwiadczeniem w obszarze finans\u00f3w, prawa i nieruchomo\u015bci. Opieraj\u0105c si\u0119 na dziesi\u0119cioleciach wsp\u00f3lnego do\u015bwiadczenia w r\u00f3\u017cnych sektorach bankowo\u015bci, finans\u00f3w przedsi\u0119biorstw i r\u00f3\u017cnych r\u00f3l operacyjnych i zarz\u0105dczych w r\u00f3\u017cnych bran\u017cach, nasz zesp\u00f3\u0142 posiada unikaln\u0105 mieszank\u0119 wiedzy specjalistycznej. Ta synergia [&hellip;]<\/p>\n","protected":false},"author":1,"featured_media":1696,"parent":0,"menu_order":0,"comment_status":"closed","ping_status":"closed","template":"","meta":{"footnotes":""},"class_list":["post-1414","page","type-page","status-publish","has-post-thumbnail","hentry"],"_links":{"self":[{"href":"https:\/\/vividacapital.com\/en\/wp-json\/wp\/v2\/pages\/1414","targetHints":{"allow":["GET"]}}],"collection":[{"href":"https:\/\/vividacapital.com\/en\/wp-json\/wp\/v2\/pages"}],"about":[{"href":"https:\/\/vividacapital.com\/en\/wp-json\/wp\/v2\/types\/page"}],"author":[{"embeddable":true,"href":"https:\/\/vividacapital.com\/en\/wp-json\/wp\/v2\/users\/1"}],"replies":[{"embeddable":true,"href":"https:\/\/vividacapital.com\/en\/wp-json\/wp\/v2\/comments?post=1414"}],"version-history":[{"count":74,"href":"https:\/\/vividacapital.com\/en\/wp-json\/wp\/v2\/pages\/1414\/revisions"}],"predecessor-version":[{"id":2203,"href":"https:\/\/vividacapital.com\/en\/wp-json\/wp\/v2\/pages\/1414\/revisions\/2203"}],"wp:featuredmedia":[{"embeddable":true,"href":"https:\/\/vividacapital.com\/en\/wp-json\/wp\/v2\/media\/1696"}],"wp:attachment":[{"href":"https:\/\/vividacapital.com\/en\/wp-json\/wp\/v2\/media?parent=1414"}],"curies":[{"name":"wp","href":"https:\/\/api.w.org\/{rel}","templated":true}]}}